{"id":403,"date":"2020-01-23T18:21:52","date_gmt":"2020-01-23T18:21:52","guid":{"rendered":"https:\/\/demosites.io\/web-agency-gb\/?page_id=61"},"modified":"2026-01-30T17:45:38","modified_gmt":"2026-01-30T16:45:38","slug":"birrificio","status":"publish","type":"page","link":"https:\/\/portabruciata.com\/index.php\/birrificio\/","title":{"rendered":"About Us"},"content":{"rendered":"\n<h2>\n\t\t\tUn birrificio, una storia.\t<\/h2>\n\t<p>Nato in Franciacorta, nel bresciano, terra storicamente legata all&#8217;idea mitteleuropea di birra, il Birrificio Porta Bruciata porta aria nuova brassando fin da subito IPA in stile californiano, mettendo in primo piano le variet\u00e0 di luppolo del nuovo mondo ed i loro profumi travolgenti.<\/p>\n<p>Fondato nel 2014 da Chiara e da suo marito Marco, nato con soli 4 fermentatori da 10 ettolitri ciascuno, oggi il birrificio Porta Bruciata vanta una cantina da pi\u00f9 di 240 ettolitri ed \u00e8 divenuto una delle realt\u00e0 artigianali pi\u00f9 dinamiche a livello nazionale.<\/p>\n<p>Ci chiamiamo cos\u00ec in onore di una Torre medievale di Brescia, la nostra citt\u00e0. Un richiamo quindi al territorio, ma al tempo stesso anche il simbolo di un&#8217;apertura verso l&#8217;esterno: da quella antica Porta si andava verso Milano, verso l&#8217;occidente, verso il West! Sono infatti le West Coast IPA le birre che ci identificano per prime.<\/p>\n<p>Una Porta colpita da un incendio che nel 1184 devasta la citt\u00e0. Da qui il nome, evocativo, di Porta Bruciata. Sotto questa porta nei secoli sono passati personaggi storici e personaggi leggendari, in viaggio verso luoghi misteriosi.<\/p>\n<p>Cos\u00ec oggi il birrificio propone birre che portano con s\u00e9 i profumi di terre lontane, ma che al tempo stesso sanno accogliere con la familiarit\u00e0 e la semplicit\u00e0 del pub sotto casa. Una sala cottura all&#8217;avanguardia, una cantina sempre in evoluzione, la tecnologia al servizio dell&#8217;estro insostituibile del birraio. Tecniche innovative e tradizioni secolari si intrecciano nella quotidianit\u00e0 di un birrificio che, passo dopo passo, si \u00e8 ritagliato uno spazio importante nel mondo italiano della birra artigianale.<\/p>\n\t\t\t<a href=\"https:\/\/portabruciata.com\/index.php\/shop\/\" target=\"_self\">\n\t\t\t\t\t\t\tScegli tra le nostre birre!\n\t\t\t\t\t<\/a>\n\t\t<h3>\t\n\tIl nostro lavoro si fonda su questi tre pilastri:<\/h3>\t\n\t\t<h3>\t\n\tPiacevolezza di bevuta<\/h3><p>&#8220;For a quart of ale is a dish for a king&#8221;. Scomodiamo Shakespeare giusto per enfatizzare che per noi bere una birra deve essere un piacere, non solo un&#8217;esperienza sensoriale. Una pinta deve chiamarne un&#8217;altra, per noi \u00e8 nella natura delle cose.<\/p>\n<p>&nbsp;<\/p>\n\t\t<h3>\t\n\tEquilibrio<\/h3><p>Bilanciare amaro, aroma, corpo, persistenza, alcol, luppolo, malto&#8230; facciamo tutto per ricercare l&#8217;equilibrio; dalla pi\u00f9 leggera delle session IPA fino alla pi\u00f9 esplosiva delle NEIPA. E&#8217; nell&#8217;equilibrio per noi che si pu\u00f2 esprimere la massima qualit\u00e0.<\/p>\n\t\t<h3>\t\n\tRispetto degli stili<\/h3><p>Riuscire ad esprimere autenticit\u00e0 e riconoscibilit\u00e0 rispettando lo stile di riferimento \u00e8 la sfida che affrontiamo ogni giorno. Muoversi all&#8217;interno di precise specifiche riuscendo ad essere creativi, \u00e8 espressione di competenza e ingegno nel rispetto della tradizione.<\/p>\n\t\t<h3>Outstanding ales for unconventional drinkers.<\/h3>\n\t\t<p>Non \u00e8 solo un motto, ma esprime il nostro modo di vedere le cose: birre di alt\u00e0 qualit\u00e0 per bevitori che non si uniformano. Se le vuoi nel tuo pub, scrivici!<\/p>\n\t\t\t<a href=\"mailto:info@portabruciata.it\" target=\"_self\">\n\t\t\t\t\t\t\tScrivici per ogni informazione\n\t\t\t\t\t<\/a>\n\n","protected":false},"excerpt":{"rendered":"<p>Un birrificio, una storia. Nato in Franciacorta, nel bresciano, terra storicamente legata all&#8217;idea mitteleuropea di birra, il Birrificio Porta Bruciata porta aria nuova brassando fin da subito IPA in stile californiano, mettendo in primo piano le variet\u00e0 di luppolo del nuovo mondo ed i loro profumi travolgenti. Fondato nel 2014 da Chiara e da suo&hellip;&nbsp;<a href=\"https:\/\/portabruciata.com\/index.php\/birrificio\/\" rel=\"bookmark\">Read More &raquo;<span class=\"screen-reader-text\">About Us<\/span><\/a><\/p>\n","protected":false},"author":1,"featured_media":0,"parent":0,"menu_order":0,"comment_status":"closed","ping_status":"closed","template":"","meta":{"neve_meta_sidebar":"default","neve_meta_container":"full-width","neve_meta_enable_content_width":"on","neve_meta_content_width":100,"neve_meta_title_alignment":"","neve_meta_author_avatar":"","neve_post_elements_order":"","neve_meta_disable_header":"","neve_meta_disable_footer":"","neve_meta_disable_title":"on","neve_meta_reading_time":"","footnotes":""},"class_list":["post-403","page","type-page","status-publish","hentry"],"yoast_head":"<!-- This site is optimized with the Yoast SEO Premium plugin v27.2 (Yoast SEO v27.4) - https:\/\/yoast.com\/product\/yoast-seo-premium-wordpress\/ -->\n<title>About Us - Porta Bruciata<\/title>\n<meta name=\"description\" content=\"Come nasce il birrificio Porta Bruciata, e come nel 2014 arrivano in Franciacorta e a Brescia le prime IPA e le migliori birre artigianali\" \/>\n<meta name=\"robots\" content=\"index, follow, max-snippet:-1, max-image-preview:large, max-video-preview:-1\" \/>\n<link rel=\"canonical\" href=\"https:\/\/portabruciata.com\/index.php\/birrificio\/\" \/>\n<meta property=\"og:locale\" content=\"it_IT\" \/>\n<meta property=\"og:type\" content=\"article\" \/>\n<meta property=\"og:title\" content=\"About Us\" \/>\n<meta property=\"og:description\" content=\"Come nasce il birrificio Porta Bruciata, e come nel 2014 arrivano in Franciacorta e a Brescia le prime IPA e le migliori birre artigianali\" \/>\n<meta property=\"og:url\" content=\"https:\/\/portabruciata.com\/index.php\/birrificio\/\" \/>\n<meta property=\"og:site_name\" content=\"Porta Bruciata\" \/>\n<meta property=\"article:publisher\" content=\"https:\/\/www.facebook.com\/birrificioportabruciata\" \/>\n<meta property=\"article:modified_time\" content=\"2026-01-30T16:45:38+00:00\" \/>\n<meta property=\"og:image\" content=\"http:\/\/portabruciata.com\/wp-content\/uploads\/2025\/05\/cropped-PORTABRUCIATA_LOGO@6x.png\" \/>\n\t<meta property=\"og:image:width\" content=\"512\" \/>\n\t<meta property=\"og:image:height\" content=\"512\" \/>\n\t<meta property=\"og:image:type\" content=\"image\/png\" \/>\n<meta name=\"twitter:card\" content=\"summary_large_image\" \/>\n<meta name=\"twitter:label1\" content=\"Tempo di lettura stimato\" \/>\n\t<meta name=\"twitter:data1\" content=\"3 minuti\" \/>\n<script type=\"application\/ld+json\" class=\"yoast-schema-graph\">{\"@context\":\"https:\\\/\\\/schema.org\",\"@graph\":[{\"@type\":[\"WebPage\",\"AboutPage\"],\"@id\":\"https:\\\/\\\/portabruciata.com\\\/index.php\\\/birrificio\\\/\",\"url\":\"https:\\\/\\\/portabruciata.com\\\/index.php\\\/birrificio\\\/\",\"name\":\"About Us - Porta Bruciata\",\"isPartOf\":{\"@id\":\"https:\\\/\\\/portabruciata.com\\\/#website\"},\"datePublished\":\"2020-01-23T18:21:52+00:00\",\"dateModified\":\"2026-01-30T16:45:38+00:00\",\"description\":\"Come nasce il birrificio Porta Bruciata, e come nel 2014 arrivano in Franciacorta e a Brescia le prime IPA e le migliori birre artigianali\",\"breadcrumb\":{\"@id\":\"https:\\\/\\\/portabruciata.com\\\/index.php\\\/birrificio\\\/#breadcrumb\"},\"inLanguage\":\"it-IT\",\"potentialAction\":[{\"@type\":\"ReadAction\",\"target\":[\"https:\\\/\\\/portabruciata.com\\\/index.php\\\/birrificio\\\/\"]}]},{\"@type\":\"BreadcrumbList\",\"@id\":\"https:\\\/\\\/portabruciata.com\\\/index.php\\\/birrificio\\\/#breadcrumb\",\"itemListElement\":[{\"@type\":\"ListItem\",\"position\":1,\"name\":\"Home\",\"item\":\"https:\\\/\\\/portabruciata.com\\\/\"},{\"@type\":\"ListItem\",\"position\":2,\"name\":\"About Us\"}]},{\"@type\":\"WebSite\",\"@id\":\"https:\\\/\\\/portabruciata.com\\\/#website\",\"url\":\"https:\\\/\\\/portabruciata.com\\\/\",\"name\":\"Birrificio Porta Bruciata\",\"description\":\"Outstanding ales for unconventional drinkers.\",\"publisher\":{\"@id\":\"https:\\\/\\\/portabruciata.com\\\/#organization\"},\"potentialAction\":[{\"@type\":\"SearchAction\",\"target\":{\"@type\":\"EntryPoint\",\"urlTemplate\":\"https:\\\/\\\/portabruciata.com\\\/?s={search_term_string}\"},\"query-input\":{\"@type\":\"PropertyValueSpecification\",\"valueRequired\":true,\"valueName\":\"search_term_string\"}}],\"inLanguage\":\"it-IT\"},{\"@type\":\"Organization\",\"@id\":\"https:\\\/\\\/portabruciata.com\\\/#organization\",\"name\":\"Birrificio Porta Bruciata\",\"url\":\"https:\\\/\\\/portabruciata.com\\\/\",\"logo\":{\"@type\":\"ImageObject\",\"inLanguage\":\"it-IT\",\"@id\":\"https:\\\/\\\/portabruciata.com\\\/#\\\/schema\\\/logo\\\/image\\\/\",\"url\":\"https:\\\/\\\/portabruciata.com\\\/wp-content\\\/uploads\\\/2025\\\/05\\\/cropped-PORTABRUCIATA_LOGO@6x.png\",\"contentUrl\":\"https:\\\/\\\/portabruciata.com\\\/wp-content\\\/uploads\\\/2025\\\/05\\\/cropped-PORTABRUCIATA_LOGO@6x.png\",\"width\":512,\"height\":512,\"caption\":\"Birrificio Porta Bruciata\"},\"image\":{\"@id\":\"https:\\\/\\\/portabruciata.com\\\/#\\\/schema\\\/logo\\\/image\\\/\"},\"sameAs\":[\"https:\\\/\\\/www.facebook.com\\\/birrificioportabruciata\",\"https:\\\/\\\/www.instagram.com\\\/portabruciata\\\/\"]}]}<\/script>\n<!-- \/ Yoast SEO Premium plugin. -->","yoast_head_json":{"title":"About Us - Porta Bruciata","description":"Come nasce il birrificio Porta Bruciata, e come nel 2014 arrivano in Franciacorta e a Brescia le prime IPA e le migliori birre artigianali","robots":{"index":"index","follow":"follow","max-snippet":"max-snippet:-1","max-image-preview":"max-image-preview:large","max-video-preview":"max-video-preview:-1"},"canonical":"https:\/\/portabruciata.com\/index.php\/birrificio\/","og_locale":"it_IT","og_type":"article","og_title":"About Us","og_description":"Come nasce il birrificio Porta Bruciata, e come nel 2014 arrivano in Franciacorta e a Brescia le prime IPA e le migliori birre artigianali","og_url":"https:\/\/portabruciata.com\/index.php\/birrificio\/","og_site_name":"Porta Bruciata","article_publisher":"https:\/\/www.facebook.com\/birrificioportabruciata","article_modified_time":"2026-01-30T16:45:38+00:00","og_image":[{"width":512,"height":512,"url":"http:\/\/portabruciata.com\/wp-content\/uploads\/2025\/05\/cropped-PORTABRUCIATA_LOGO@6x.png","type":"image\/png"}],"twitter_card":"summary_large_image","twitter_misc":{"Tempo di lettura stimato":"3 minuti"},"schema":{"@context":"https:\/\/schema.org","@graph":[{"@type":["WebPage","AboutPage"],"@id":"https:\/\/portabruciata.com\/index.php\/birrificio\/","url":"https:\/\/portabruciata.com\/index.php\/birrificio\/","name":"About Us - Porta Bruciata","isPartOf":{"@id":"https:\/\/portabruciata.com\/#website"},"datePublished":"2020-01-23T18:21:52+00:00","dateModified":"2026-01-30T16:45:38+00:00","description":"Come nasce il birrificio Porta Bruciata, e come nel 2014 arrivano in Franciacorta e a Brescia le prime IPA e le migliori birre artigianali","breadcrumb":{"@id":"https:\/\/portabruciata.com\/index.php\/birrificio\/#breadcrumb"},"inLanguage":"it-IT","potentialAction":[{"@type":"ReadAction","target":["https:\/\/portabruciata.com\/index.php\/birrificio\/"]}]},{"@type":"BreadcrumbList","@id":"https:\/\/portabruciata.com\/index.php\/birrificio\/#breadcrumb","itemListElement":[{"@type":"ListItem","position":1,"name":"Home","item":"https:\/\/portabruciata.com\/"},{"@type":"ListItem","position":2,"name":"About Us"}]},{"@type":"WebSite","@id":"https:\/\/portabruciata.com\/#website","url":"https:\/\/portabruciata.com\/","name":"Birrificio Porta Bruciata","description":"Outstanding ales for unconventional drinkers.","publisher":{"@id":"https:\/\/portabruciata.com\/#organization"},"potentialAction":[{"@type":"SearchAction","target":{"@type":"EntryPoint","urlTemplate":"https:\/\/portabruciata.com\/?s={search_term_string}"},"query-input":{"@type":"PropertyValueSpecification","valueRequired":true,"valueName":"search_term_string"}}],"inLanguage":"it-IT"},{"@type":"Organization","@id":"https:\/\/portabruciata.com\/#organization","name":"Birrificio Porta Bruciata","url":"https:\/\/portabruciata.com\/","logo":{"@type":"ImageObject","inLanguage":"it-IT","@id":"https:\/\/portabruciata.com\/#\/schema\/logo\/image\/","url":"https:\/\/portabruciata.com\/wp-content\/uploads\/2025\/05\/cropped-PORTABRUCIATA_LOGO@6x.png","contentUrl":"https:\/\/portabruciata.com\/wp-content\/uploads\/2025\/05\/cropped-PORTABRUCIATA_LOGO@6x.png","width":512,"height":512,"caption":"Birrificio Porta Bruciata"},"image":{"@id":"https:\/\/portabruciata.com\/#\/schema\/logo\/image\/"},"sameAs":["https:\/\/www.facebook.com\/birrificioportabruciata","https:\/\/www.instagram.com\/portabruciata\/"]}]}},"jetpack_sharing_enabled":true,"_links":{"self":[{"href":"https:\/\/portabruciata.com\/index.php\/wp-json\/wp\/v2\/pages\/403","targetHints":{"allow":["GET"]}}],"collection":[{"href":"https:\/\/portabruciata.com\/index.php\/wp-json\/wp\/v2\/pages"}],"about":[{"href":"https:\/\/portabruciata.com\/index.php\/wp-json\/wp\/v2\/types\/page"}],"author":[{"embeddable":true,"href":"https:\/\/portabruciata.com\/index.php\/wp-json\/wp\/v2\/users\/1"}],"replies":[{"embeddable":true,"href":"https:\/\/portabruciata.com\/index.php\/wp-json\/wp\/v2\/comments?post=403"}],"version-history":[{"count":12,"href":"https:\/\/portabruciata.com\/index.php\/wp-json\/wp\/v2\/pages\/403\/revisions"}],"predecessor-version":[{"id":789,"href":"https:\/\/portabruciata.com\/index.php\/wp-json\/wp\/v2\/pages\/403\/revisions\/789"}],"wp:attachment":[{"href":"https:\/\/portabruciata.com\/index.php\/wp-json\/wp\/v2\/media?parent=403"}],"curies":[{"name":"wp","href":"https:\/\/api.w.org\/{rel}","templated":true}]}}