{"id":406,"date":"2020-01-27T08:29:32","date_gmt":"2020-01-27T08:29:32","guid":{"rendered":"https:\/\/demosites.io\/web-agency-gb\/?page_id=75"},"modified":"2026-01-31T11:35:17","modified_gmt":"2026-01-31T10:35:17","slug":"contatti","status":"publish","type":"page","link":"https:\/\/portabruciata.com\/index.php\/contatti\/","title":{"rendered":"Contatti"},"content":{"rendered":"\n\n\t<p>&nbsp;<\/p>\n<h1>Come contattarci<\/h1>\nLe nostre birre, salvo pochissime eccezioni, non vanno fatte invecchiare, ma bevute fresche.<br \/>\nLa luppolatura infatti che le contraddistingue dona aromi e sensazioni gustative che con il passare del tempo si affievoliscono; \u00e8 quindi fondamentale poter gustare le IPA al massimo della loro freschezza, per poterne apprezzare appieno le qualit\u00e0. Nel nostro birrificio confezioniamo la birra in fusto, per il servizio alla spina, ed in lattina. Questi infatti sono i due formati che garantiscono la migliore conservazione, fragranza e qualit\u00e0. Un publican serio e competente sapr\u00e0 gestire al meglio la catena del freddo e servirvi le nostre IPA nelle condizioni migliori.\n<p>Trovate le nostre birre alle spine dei principali pub indipendenti italiani e nei locali specializzati.<\/p>\nInoltre, attiguo al birrificio di Rodengo Saiano, \u00e8 operativo lo spaccio aziendale dove poter acquistare le nostre birre in lattina. Lo spaccio \u00e8 aperto dal luned\u00ec al venerd\u00ec con i seguenti orari: 9:30 &#8211; 12:30 e 14:30 &#8211; 18:30. Non \u00e8 un locale n\u00e9 una taproom, cio\u00e9 non abbiamo mescita di birra, n\u00e9 serviamo cibo o altre bevande, ma possiamo solo vendere le nostre lattine per l&#8217;asporto.<br \/>\nInfine \u00e8 sempre attivo ed aggiornato il nostro <a href=\"https:\/\/portabruciata.com\/index.php\/shop\/\">shop online<\/a> per spedizioni in tutta Italia.\n<p>&nbsp;<\/p>\n\t<iframe src=\"https:\/\/www.google.com\/maps\/embed\/v1\/place?q=via+industriale%2C+16%0ARodengo+Saiano%0A&#038;key=AIzaSyD09zQ9PNDNNy9TadMuzRV_UsPUoWKntt8\" aria-hidden=\"true\"><\/iframe>\n<h3>\n\t\t\tSede\t<\/h3>\n\t<p>via Industriale, 16<\/p>\n<p>25050 Rodengo Saiano, BS<\/p>\n<h3>\n\t\t\tE-mail\t<\/h3>\n\t<p><a href=\"mailto:info@portabruciata.it\">info@portabruciata.it<\/a><\/p>\n\n<h3>\n\t\t\tTelefono\t<\/h3>\n\t<p><a href=\"tel:+390306157122\">030 6157122<\/a><\/p>\n<h3>\n\t\t\tOrari spaccio\t<\/h3>\n\t<p>Luned\u00ec-Venerd\u00ec:\u00a0<\/p>\n<p>dalle 09:30 alle 12:30<\/p>\n<p>e dalle 14:30 alle 18:30<\/p>\n\n","protected":false},"excerpt":{"rendered":"<p>&nbsp; Come contattarci Le nostre birre, salvo pochissime eccezioni, non vanno fatte invecchiare, ma bevute fresche. La luppolatura infatti che le contraddistingue dona aromi e sensazioni gustative che con il passare del tempo si affievoliscono; \u00e8 quindi fondamentale poter gustare le IPA al massimo della loro freschezza, per poterne apprezzare appieno le qualit\u00e0. Nel nostro&hellip;&nbsp;<a href=\"https:\/\/portabruciata.com\/index.php\/contatti\/\" rel=\"bookmark\">Read More &raquo;<span class=\"screen-reader-text\">Contatti<\/span><\/a><\/p>\n","protected":false},"author":1,"featured_media":0,"parent":0,"menu_order":0,"comment_status":"closed","ping_status":"closed","template":"","meta":{"neve_meta_sidebar":"default","neve_meta_container":"","neve_meta_enable_content_width":"on","neve_meta_content_width":100,"neve_meta_title_alignment":"","neve_meta_author_avatar":"","neve_post_elements_order":"","neve_meta_disable_header":"","neve_meta_disable_footer":"","neve_meta_disable_title":"on","neve_meta_reading_time":"","footnotes":""},"class_list":["post-406","page","type-page","status-publish","hentry"],"yoast_head":"<!-- This site is optimized with the Yoast SEO Premium plugin v27.2 (Yoast SEO v27.4) - https:\/\/yoast.com\/product\/yoast-seo-premium-wordpress\/ -->\n<title>Contatti - Porta Bruciata<\/title>\n<meta name=\"description\" content=\"Come contattare il birrificio: orari dello spaccio per la vendita di lattine di birra artigianale IPA, DDH IPA, Double IPA, NEIPA e non solo\" \/>\n<meta name=\"robots\" content=\"index, follow, max-snippet:-1, max-image-preview:large, max-video-preview:-1\" \/>\n<link rel=\"canonical\" href=\"https:\/\/portabruciata.com\/index.php\/contatti\/\" \/>\n<meta property=\"og:locale\" content=\"it_IT\" \/>\n<meta property=\"og:type\" content=\"article\" \/>\n<meta property=\"og:title\" content=\"Dove siamo e come contattarci\" \/>\n<meta property=\"og:description\" content=\"Come contattare il birrificio: orari dello spaccio per la vendita di lattine di birra artigianale IPA, DDH IPA, Double IPA, NEIPA e non solo\" \/>\n<meta property=\"og:url\" content=\"https:\/\/portabruciata.com\/index.php\/contatti\/\" \/>\n<meta property=\"og:site_name\" content=\"Porta Bruciata\" \/>\n<meta property=\"article:publisher\" content=\"https:\/\/www.facebook.com\/birrificioportabruciata\" \/>\n<meta property=\"article:modified_time\" content=\"2026-01-31T10:35:17+00:00\" \/>\n<meta property=\"og:image\" content=\"http:\/\/portabruciata.com\/wp-content\/uploads\/2025\/05\/cropped-PORTABRUCIATA_LOGO@6x.png\" \/>\n\t<meta property=\"og:image:width\" content=\"512\" \/>\n\t<meta property=\"og:image:height\" content=\"512\" \/>\n\t<meta property=\"og:image:type\" content=\"image\/png\" \/>\n<meta name=\"twitter:card\" content=\"summary_large_image\" \/>\n<meta name=\"twitter:title\" content=\"Contatti\" \/>\n<meta name=\"twitter:label1\" content=\"Tempo di lettura stimato\" \/>\n\t<meta name=\"twitter:data1\" content=\"2 minuti\" \/>\n<script type=\"application\/ld+json\" class=\"yoast-schema-graph\">{\"@context\":\"https:\\\/\\\/schema.org\",\"@graph\":[{\"@type\":[\"WebPage\",\"ContactPage\"],\"@id\":\"https:\\\/\\\/portabruciata.com\\\/index.php\\\/contatti\\\/\",\"url\":\"https:\\\/\\\/portabruciata.com\\\/index.php\\\/contatti\\\/\",\"name\":\"Contatti - Porta Bruciata\",\"isPartOf\":{\"@id\":\"https:\\\/\\\/portabruciata.com\\\/#website\"},\"datePublished\":\"2020-01-27T08:29:32+00:00\",\"dateModified\":\"2026-01-31T10:35:17+00:00\",\"description\":\"Come contattare il birrificio: orari dello spaccio per la vendita di lattine di birra artigianale IPA, DDH IPA, Double IPA, NEIPA e non solo\",\"breadcrumb\":{\"@id\":\"https:\\\/\\\/portabruciata.com\\\/index.php\\\/contatti\\\/#breadcrumb\"},\"inLanguage\":\"it-IT\",\"potentialAction\":[{\"@type\":\"ReadAction\",\"target\":[\"https:\\\/\\\/portabruciata.com\\\/index.php\\\/contatti\\\/\"]}]},{\"@type\":\"BreadcrumbList\",\"@id\":\"https:\\\/\\\/portabruciata.com\\\/index.php\\\/contatti\\\/#breadcrumb\",\"itemListElement\":[{\"@type\":\"ListItem\",\"position\":1,\"name\":\"Home\",\"item\":\"https:\\\/\\\/portabruciata.com\\\/\"},{\"@type\":\"ListItem\",\"position\":2,\"name\":\"Contatti\"}]},{\"@type\":\"WebSite\",\"@id\":\"https:\\\/\\\/portabruciata.com\\\/#website\",\"url\":\"https:\\\/\\\/portabruciata.com\\\/\",\"name\":\"Birrificio Porta Bruciata\",\"description\":\"Outstanding ales for unconventional drinkers.\",\"publisher\":{\"@id\":\"https:\\\/\\\/portabruciata.com\\\/#organization\"},\"potentialAction\":[{\"@type\":\"SearchAction\",\"target\":{\"@type\":\"EntryPoint\",\"urlTemplate\":\"https:\\\/\\\/portabruciata.com\\\/?s={search_term_string}\"},\"query-input\":{\"@type\":\"PropertyValueSpecification\",\"valueRequired\":true,\"valueName\":\"search_term_string\"}}],\"inLanguage\":\"it-IT\"},{\"@type\":\"Organization\",\"@id\":\"https:\\\/\\\/portabruciata.com\\\/#organization\",\"name\":\"Birrificio Porta Bruciata\",\"url\":\"https:\\\/\\\/portabruciata.com\\\/\",\"logo\":{\"@type\":\"ImageObject\",\"inLanguage\":\"it-IT\",\"@id\":\"https:\\\/\\\/portabruciata.com\\\/#\\\/schema\\\/logo\\\/image\\\/\",\"url\":\"https:\\\/\\\/portabruciata.com\\\/wp-content\\\/uploads\\\/2025\\\/05\\\/cropped-PORTABRUCIATA_LOGO@6x.png\",\"contentUrl\":\"https:\\\/\\\/portabruciata.com\\\/wp-content\\\/uploads\\\/2025\\\/05\\\/cropped-PORTABRUCIATA_LOGO@6x.png\",\"width\":512,\"height\":512,\"caption\":\"Birrificio Porta Bruciata\"},\"image\":{\"@id\":\"https:\\\/\\\/portabruciata.com\\\/#\\\/schema\\\/logo\\\/image\\\/\"},\"sameAs\":[\"https:\\\/\\\/www.facebook.com\\\/birrificioportabruciata\",\"https:\\\/\\\/www.instagram.com\\\/portabruciata\\\/\"]}]}<\/script>\n<!-- \/ Yoast SEO Premium plugin. -->","yoast_head_json":{"title":"Contatti - Porta Bruciata","description":"Come contattare il birrificio: orari dello spaccio per la vendita di lattine di birra artigianale IPA, DDH IPA, Double IPA, NEIPA e non solo","robots":{"index":"index","follow":"follow","max-snippet":"max-snippet:-1","max-image-preview":"max-image-preview:large","max-video-preview":"max-video-preview:-1"},"canonical":"https:\/\/portabruciata.com\/index.php\/contatti\/","og_locale":"it_IT","og_type":"article","og_title":"Dove siamo e come contattarci","og_description":"Come contattare il birrificio: orari dello spaccio per la vendita di lattine di birra artigianale IPA, DDH IPA, Double IPA, NEIPA e non solo","og_url":"https:\/\/portabruciata.com\/index.php\/contatti\/","og_site_name":"Porta Bruciata","article_publisher":"https:\/\/www.facebook.com\/birrificioportabruciata","article_modified_time":"2026-01-31T10:35:17+00:00","og_image":[{"width":512,"height":512,"url":"http:\/\/portabruciata.com\/wp-content\/uploads\/2025\/05\/cropped-PORTABRUCIATA_LOGO@6x.png","type":"image\/png"}],"twitter_card":"summary_large_image","twitter_title":"Contatti","twitter_misc":{"Tempo di lettura stimato":"2 minuti"},"schema":{"@context":"https:\/\/schema.org","@graph":[{"@type":["WebPage","ContactPage"],"@id":"https:\/\/portabruciata.com\/index.php\/contatti\/","url":"https:\/\/portabruciata.com\/index.php\/contatti\/","name":"Contatti - Porta Bruciata","isPartOf":{"@id":"https:\/\/portabruciata.com\/#website"},"datePublished":"2020-01-27T08:29:32+00:00","dateModified":"2026-01-31T10:35:17+00:00","description":"Come contattare il birrificio: orari dello spaccio per la vendita di lattine di birra artigianale IPA, DDH IPA, Double IPA, NEIPA e non solo","breadcrumb":{"@id":"https:\/\/portabruciata.com\/index.php\/contatti\/#breadcrumb"},"inLanguage":"it-IT","potentialAction":[{"@type":"ReadAction","target":["https:\/\/portabruciata.com\/index.php\/contatti\/"]}]},{"@type":"BreadcrumbList","@id":"https:\/\/portabruciata.com\/index.php\/contatti\/#breadcrumb","itemListElement":[{"@type":"ListItem","position":1,"name":"Home","item":"https:\/\/portabruciata.com\/"},{"@type":"ListItem","position":2,"name":"Contatti"}]},{"@type":"WebSite","@id":"https:\/\/portabruciata.com\/#website","url":"https:\/\/portabruciata.com\/","name":"Birrificio Porta Bruciata","description":"Outstanding ales for unconventional drinkers.","publisher":{"@id":"https:\/\/portabruciata.com\/#organization"},"potentialAction":[{"@type":"SearchAction","target":{"@type":"EntryPoint","urlTemplate":"https:\/\/portabruciata.com\/?s={search_term_string}"},"query-input":{"@type":"PropertyValueSpecification","valueRequired":true,"valueName":"search_term_string"}}],"inLanguage":"it-IT"},{"@type":"Organization","@id":"https:\/\/portabruciata.com\/#organization","name":"Birrificio Porta Bruciata","url":"https:\/\/portabruciata.com\/","logo":{"@type":"ImageObject","inLanguage":"it-IT","@id":"https:\/\/portabruciata.com\/#\/schema\/logo\/image\/","url":"https:\/\/portabruciata.com\/wp-content\/uploads\/2025\/05\/cropped-PORTABRUCIATA_LOGO@6x.png","contentUrl":"https:\/\/portabruciata.com\/wp-content\/uploads\/2025\/05\/cropped-PORTABRUCIATA_LOGO@6x.png","width":512,"height":512,"caption":"Birrificio Porta Bruciata"},"image":{"@id":"https:\/\/portabruciata.com\/#\/schema\/logo\/image\/"},"sameAs":["https:\/\/www.facebook.com\/birrificioportabruciata","https:\/\/www.instagram.com\/portabruciata\/"]}]}},"jetpack_sharing_enabled":true,"_links":{"self":[{"href":"https:\/\/portabruciata.com\/index.php\/wp-json\/wp\/v2\/pages\/406","targetHints":{"allow":["GET"]}}],"collection":[{"href":"https:\/\/portabruciata.com\/index.php\/wp-json\/wp\/v2\/pages"}],"about":[{"href":"https:\/\/portabruciata.com\/index.php\/wp-json\/wp\/v2\/types\/page"}],"author":[{"embeddable":true,"href":"https:\/\/portabruciata.com\/index.php\/wp-json\/wp\/v2\/users\/1"}],"replies":[{"embeddable":true,"href":"https:\/\/portabruciata.com\/index.php\/wp-json\/wp\/v2\/comments?post=406"}],"version-history":[{"count":14,"href":"https:\/\/portabruciata.com\/index.php\/wp-json\/wp\/v2\/pages\/406\/revisions"}],"predecessor-version":[{"id":796,"href":"https:\/\/portabruciata.com\/index.php\/wp-json\/wp\/v2\/pages\/406\/revisions\/796"}],"wp:attachment":[{"href":"https:\/\/portabruciata.com\/index.php\/wp-json\/wp\/v2\/media?parent=406"}],"curies":[{"name":"wp","href":"https:\/\/api.w.org\/{rel}","templated":true}]}}