{"id":606,"date":"2025-05-28T21:55:37","date_gmt":"2025-05-28T19:55:37","guid":{"rendered":"https:\/\/portabruciata.eu\/?post_type=product&#038;p=606"},"modified":"2026-04-23T19:58:06","modified_gmt":"2026-04-23T17:58:06","slug":"nayatt","status":"publish","type":"product","link":"https:\/\/portabruciata.com\/index.php\/prodotto\/nayatt\/","title":{"rendered":"Nayatt"},"content":{"rendered":"","protected":false},"excerpt":{"rendered":"<p>Alc. 7,2% Vol., Lattina da 33 cl.<\/p>\n<p>Una NEIPA dove l&#8217;equilibrio prevale sugli estremi, ma dove allo stesso tempo l&#8217;aromaticit\u00e0 colpisce per l&#8217;intensit\u00e0 e la persistenza. Profumi di mango, papaya, lime, mela e piccole bacche. Una delicata setosit\u00e0 che facilita la bevuta, facendo amare questo stile anche ai pi\u00f9 scettici. Perch\u00e9 il cielo stellato \u00e8 sopra di noi, ma il New England \u00e8 dentro di noi.<\/p>\n<p>Contiene malto d&#8217;ORZO, AVENA, FRUMENTO.<\/p>\n","protected":false},"featured_media":593,"template":"","meta":{"neve_meta_sidebar":"","neve_meta_container":"","neve_meta_enable_content_width":"off","neve_meta_content_width":100,"neve_meta_title_alignment":"","neve_meta_author_avatar":"","neve_post_elements_order":"","neve_meta_disable_header":"","neve_meta_disable_footer":"","neve_meta_disable_title":"","neve_meta_reading_time":"","neve_tabs_data":null,"neve_override_tab_layout":"on","jetpack_publicize_message":"","jetpack_publicize_feature_enabled":true,"jetpack_social_post_already_shared":false,"jetpack_social_options":{"image_generator_settings":{"template":"highway","default_image_id":0,"font":"","enabled":false},"version":2}},"product_brand":[],"product_cat":[22],"product_tag":[54,23,53,89],"class_list":{"0":"post-606","1":"product","2":"type-product","3":"status-publish","4":"has-post-thumbnail","6":"product_cat-lattine-33-cl","7":"product_tag-hazy","8":"product_tag-ipa","9":"product_tag-neipa","10":"product_tag-new-england","12":"first","13":"instock","14":"shipping-taxable","15":"purchasable","16":"product-type-simple"},"yoast_head":"<!-- This site is optimized with the Yoast SEO Premium plugin v27.2 (Yoast SEO v27.4) - https:\/\/yoast.com\/product\/yoast-seo-premium-wordpress\/ -->\n<title>Nayatt - Porta Bruciata<\/title>\n<meta name=\"description\" content=\"Una NEIPA con luppoli americani dai profumi tropicali, equilibrata ma decisa. Un faro nel mare magnum della birra artigianale.\" \/>\n<meta name=\"robots\" content=\"index, follow, max-snippet:-1, max-image-preview:large, max-video-preview:-1\" \/>\n<link rel=\"canonical\" href=\"https:\/\/portabruciata.com\/index.php\/prodotto\/nayatt\/\" \/>\n<meta property=\"og:locale\" content=\"it_IT\" \/>\n<meta property=\"og:type\" content=\"article\" \/>\n<meta property=\"og:title\" content=\"Nayatt\" \/>\n<meta property=\"og:description\" content=\"Una NEIPA con luppoli americani dai profumi tropicali, equilibrata ma decisa. Un faro nel mare magnum della birra artigianale.\" \/>\n<meta property=\"og:url\" content=\"https:\/\/portabruciata.com\/index.php\/prodotto\/nayatt\/\" \/>\n<meta property=\"og:site_name\" content=\"Porta Bruciata\" \/>\n<meta property=\"article:publisher\" content=\"https:\/\/www.facebook.com\/birrificioportabruciata\" \/>\n<meta property=\"article:modified_time\" content=\"2026-04-23T17:58:06+00:00\" \/>\n<meta property=\"og:image\" content=\"https:\/\/portabruciata.com\/wp-content\/uploads\/2025\/05\/NAYATT-lattina33-3000-scaled.png\" \/>\n\t<meta property=\"og:image:width\" content=\"2560\" \/>\n\t<meta property=\"og:image:height\" content=\"2560\" \/>\n\t<meta property=\"og:image:type\" content=\"image\/png\" \/>\n<meta name=\"twitter:card\" content=\"summary_large_image\" \/>\n<meta name=\"twitter:label1\" content=\"Prezzo\" \/>\n\t<meta name=\"twitter:data1\" content=\"3,90&nbsp;&euro;\" \/>\n\t<meta name=\"twitter:label2\" content=\"Disponibilit\u00e0\" \/>\n\t<meta name=\"twitter:data2\" content=\"In stock\" \/>\n<script type=\"application\/ld+json\" class=\"yoast-schema-graph\">{\"@context\":\"https:\\\/\\\/schema.org\",\"@graph\":[{\"@type\":\"WebPage\",\"@id\":\"https:\\\/\\\/portabruciata.com\\\/index.php\\\/prodotto\\\/nayatt\\\/\",\"url\":\"https:\\\/\\\/portabruciata.com\\\/index.php\\\/prodotto\\\/nayatt\\\/\",\"name\":\"Nayatt - Porta Bruciata\",\"isPartOf\":{\"@id\":\"https:\\\/\\\/portabruciata.com\\\/#website\"},\"primaryImageOfPage\":{\"@id\":\"https:\\\/\\\/portabruciata.com\\\/index.php\\\/prodotto\\\/nayatt\\\/#primaryimage\"},\"image\":{\"@id\":\"https:\\\/\\\/portabruciata.com\\\/index.php\\\/prodotto\\\/nayatt\\\/#primaryimage\"},\"thumbnailUrl\":\"https:\\\/\\\/portabruciata.com\\\/wp-content\\\/uploads\\\/2025\\\/05\\\/NAYATT-lattina33-3000-scaled.png\",\"datePublished\":\"2025-05-28T19:55:37+00:00\",\"dateModified\":\"2026-04-23T17:58:06+00:00\",\"description\":\"Una NEIPA con luppoli americani dai profumi tropicali, equilibrata ma decisa. Un faro nel mare magnum della birra artigianale.\",\"breadcrumb\":{\"@id\":\"https:\\\/\\\/portabruciata.com\\\/index.php\\\/prodotto\\\/nayatt\\\/#breadcrumb\"},\"inLanguage\":\"it-IT\",\"potentialAction\":[{\"@type\":\"ReadAction\",\"target\":[\"https:\\\/\\\/portabruciata.com\\\/index.php\\\/prodotto\\\/nayatt\\\/\"]}]},{\"@type\":\"ImageObject\",\"inLanguage\":\"it-IT\",\"@id\":\"https:\\\/\\\/portabruciata.com\\\/index.php\\\/prodotto\\\/nayatt\\\/#primaryimage\",\"url\":\"https:\\\/\\\/portabruciata.com\\\/wp-content\\\/uploads\\\/2025\\\/05\\\/NAYATT-lattina33-3000-scaled.png\",\"contentUrl\":\"https:\\\/\\\/portabruciata.com\\\/wp-content\\\/uploads\\\/2025\\\/05\\\/NAYATT-lattina33-3000-scaled.png\",\"width\":2560,\"height\":2560,\"caption\":\"lattina NAYATT neipa new england ipa\"},{\"@type\":\"BreadcrumbList\",\"@id\":\"https:\\\/\\\/portabruciata.com\\\/index.php\\\/prodotto\\\/nayatt\\\/#breadcrumb\",\"itemListElement\":[{\"@type\":\"ListItem\",\"position\":1,\"name\":\"Home\",\"item\":\"https:\\\/\\\/portabruciata.com\\\/\"},{\"@type\":\"ListItem\",\"position\":2,\"name\":\"Shop\",\"item\":\"https:\\\/\\\/portabruciata.com\\\/index.php\\\/shop\\\/\"},{\"@type\":\"ListItem\",\"position\":3,\"name\":\"Nayatt\"}]},{\"@type\":\"WebSite\",\"@id\":\"https:\\\/\\\/portabruciata.com\\\/#website\",\"url\":\"https:\\\/\\\/portabruciata.com\\\/\",\"name\":\"Birrificio Porta Bruciata\",\"description\":\"Outstanding ales for unconventional drinkers.\",\"publisher\":{\"@id\":\"https:\\\/\\\/portabruciata.com\\\/#organization\"},\"potentialAction\":[{\"@type\":\"SearchAction\",\"target\":{\"@type\":\"EntryPoint\",\"urlTemplate\":\"https:\\\/\\\/portabruciata.com\\\/?s={search_term_string}\"},\"query-input\":{\"@type\":\"PropertyValueSpecification\",\"valueRequired\":true,\"valueName\":\"search_term_string\"}}],\"inLanguage\":\"it-IT\"},{\"@type\":\"Organization\",\"@id\":\"https:\\\/\\\/portabruciata.com\\\/#organization\",\"name\":\"Birrificio Porta Bruciata\",\"url\":\"https:\\\/\\\/portabruciata.com\\\/\",\"logo\":{\"@type\":\"ImageObject\",\"inLanguage\":\"it-IT\",\"@id\":\"https:\\\/\\\/portabruciata.com\\\/#\\\/schema\\\/logo\\\/image\\\/\",\"url\":\"https:\\\/\\\/portabruciata.com\\\/wp-content\\\/uploads\\\/2025\\\/05\\\/cropped-PORTABRUCIATA_LOGO@6x.png\",\"contentUrl\":\"https:\\\/\\\/portabruciata.com\\\/wp-content\\\/uploads\\\/2025\\\/05\\\/cropped-PORTABRUCIATA_LOGO@6x.png\",\"width\":512,\"height\":512,\"caption\":\"Birrificio Porta Bruciata\"},\"image\":{\"@id\":\"https:\\\/\\\/portabruciata.com\\\/#\\\/schema\\\/logo\\\/image\\\/\"},\"sameAs\":[\"https:\\\/\\\/www.facebook.com\\\/birrificioportabruciata\",\"https:\\\/\\\/www.instagram.com\\\/portabruciata\\\/\"]}]}<\/script>\n<meta property=\"product:price:amount\" content=\"3.90\" \/>\n<meta property=\"product:price:currency\" content=\"EUR\" \/>\n<meta property=\"og:availability\" content=\"instock\" \/>\n<meta property=\"product:availability\" content=\"instock\" \/>\n<meta property=\"product:retailer_item_id\" content=\"8056300790501\" \/>\n<meta property=\"product:condition\" content=\"new\" \/>\n<!-- \/ Yoast SEO Premium plugin. -->","yoast_head_json":{"title":"Nayatt - Porta Bruciata","description":"Una NEIPA con luppoli americani dai profumi tropicali, equilibrata ma decisa. Un faro nel mare magnum della birra artigianale.","robots":{"index":"index","follow":"follow","max-snippet":"max-snippet:-1","max-image-preview":"max-image-preview:large","max-video-preview":"max-video-preview:-1"},"canonical":"https:\/\/portabruciata.com\/index.php\/prodotto\/nayatt\/","og_locale":"it_IT","og_type":"article","og_title":"Nayatt","og_description":"Una NEIPA con luppoli americani dai profumi tropicali, equilibrata ma decisa. Un faro nel mare magnum della birra artigianale.","og_url":"https:\/\/portabruciata.com\/index.php\/prodotto\/nayatt\/","og_site_name":"Porta Bruciata","article_publisher":"https:\/\/www.facebook.com\/birrificioportabruciata","article_modified_time":"2026-04-23T17:58:06+00:00","og_image":[{"width":2560,"height":2560,"url":"https:\/\/portabruciata.com\/wp-content\/uploads\/2025\/05\/NAYATT-lattina33-3000-scaled.png","type":"image\/png"}],"twitter_card":"summary_large_image","twitter_misc":{"Prezzo":"3,90&nbsp;&euro;","Disponibilit\u00e0":"In stock"},"schema":{"@context":"https:\/\/schema.org","@graph":[{"@type":"WebPage","@id":"https:\/\/portabruciata.com\/index.php\/prodotto\/nayatt\/","url":"https:\/\/portabruciata.com\/index.php\/prodotto\/nayatt\/","name":"Nayatt - Porta Bruciata","isPartOf":{"@id":"https:\/\/portabruciata.com\/#website"},"primaryImageOfPage":{"@id":"https:\/\/portabruciata.com\/index.php\/prodotto\/nayatt\/#primaryimage"},"image":{"@id":"https:\/\/portabruciata.com\/index.php\/prodotto\/nayatt\/#primaryimage"},"thumbnailUrl":"https:\/\/portabruciata.com\/wp-content\/uploads\/2025\/05\/NAYATT-lattina33-3000-scaled.png","datePublished":"2025-05-28T19:55:37+00:00","dateModified":"2026-04-23T17:58:06+00:00","description":"Una NEIPA con luppoli americani dai profumi tropicali, equilibrata ma decisa. Un faro nel mare magnum della birra artigianale.","breadcrumb":{"@id":"https:\/\/portabruciata.com\/index.php\/prodotto\/nayatt\/#breadcrumb"},"inLanguage":"it-IT","potentialAction":[{"@type":"ReadAction","target":["https:\/\/portabruciata.com\/index.php\/prodotto\/nayatt\/"]}]},{"@type":"ImageObject","inLanguage":"it-IT","@id":"https:\/\/portabruciata.com\/index.php\/prodotto\/nayatt\/#primaryimage","url":"https:\/\/portabruciata.com\/wp-content\/uploads\/2025\/05\/NAYATT-lattina33-3000-scaled.png","contentUrl":"https:\/\/portabruciata.com\/wp-content\/uploads\/2025\/05\/NAYATT-lattina33-3000-scaled.png","width":2560,"height":2560,"caption":"lattina NAYATT neipa new england ipa"},{"@type":"BreadcrumbList","@id":"https:\/\/portabruciata.com\/index.php\/prodotto\/nayatt\/#breadcrumb","itemListElement":[{"@type":"ListItem","position":1,"name":"Home","item":"https:\/\/portabruciata.com\/"},{"@type":"ListItem","position":2,"name":"Shop","item":"https:\/\/portabruciata.com\/index.php\/shop\/"},{"@type":"ListItem","position":3,"name":"Nayatt"}]},{"@type":"WebSite","@id":"https:\/\/portabruciata.com\/#website","url":"https:\/\/portabruciata.com\/","name":"Birrificio Porta Bruciata","description":"Outstanding ales for unconventional drinkers.","publisher":{"@id":"https:\/\/portabruciata.com\/#organization"},"potentialAction":[{"@type":"SearchAction","target":{"@type":"EntryPoint","urlTemplate":"https:\/\/portabruciata.com\/?s={search_term_string}"},"query-input":{"@type":"PropertyValueSpecification","valueRequired":true,"valueName":"search_term_string"}}],"inLanguage":"it-IT"},{"@type":"Organization","@id":"https:\/\/portabruciata.com\/#organization","name":"Birrificio Porta Bruciata","url":"https:\/\/portabruciata.com\/","logo":{"@type":"ImageObject","inLanguage":"it-IT","@id":"https:\/\/portabruciata.com\/#\/schema\/logo\/image\/","url":"https:\/\/portabruciata.com\/wp-content\/uploads\/2025\/05\/cropped-PORTABRUCIATA_LOGO@6x.png","contentUrl":"https:\/\/portabruciata.com\/wp-content\/uploads\/2025\/05\/cropped-PORTABRUCIATA_LOGO@6x.png","width":512,"height":512,"caption":"Birrificio Porta Bruciata"},"image":{"@id":"https:\/\/portabruciata.com\/#\/schema\/logo\/image\/"},"sameAs":["https:\/\/www.facebook.com\/birrificioportabruciata","https:\/\/www.instagram.com\/portabruciata\/"]}]},"product_price_amount":"3.90","product_price_currency":"EUR","og_availability":"instock","product_availability":"instock","product_retailer_item_id":"8056300790501","product_condition":"new"},"jetpack_publicize_connections":[],"jetpack_sharing_enabled":true,"_links":{"self":[{"href":"https:\/\/portabruciata.com\/index.php\/wp-json\/wp\/v2\/product\/606","targetHints":{"allow":["GET"]}}],"collection":[{"href":"https:\/\/portabruciata.com\/index.php\/wp-json\/wp\/v2\/product"}],"about":[{"href":"https:\/\/portabruciata.com\/index.php\/wp-json\/wp\/v2\/types\/product"}],"wp:featuredmedia":[{"embeddable":true,"href":"https:\/\/portabruciata.com\/index.php\/wp-json\/wp\/v2\/media\/593"}],"wp:attachment":[{"href":"https:\/\/portabruciata.com\/index.php\/wp-json\/wp\/v2\/media?parent=606"}],"wp:term":[{"taxonomy":"product_brand","embeddable":true,"href":"https:\/\/portabruciata.com\/index.php\/wp-json\/wp\/v2\/product_brand?post=606"},{"taxonomy":"product_cat","embeddable":true,"href":"https:\/\/portabruciata.com\/index.php\/wp-json\/wp\/v2\/product_cat?post=606"},{"taxonomy":"product_tag","embeddable":true,"href":"https:\/\/portabruciata.com\/index.php\/wp-json\/wp\/v2\/product_tag?post=606"}],"curies":[{"name":"wp","href":"https:\/\/api.w.org\/{rel}","templated":true}]}}