{"id":722,"date":"2025-07-08T12:13:05","date_gmt":"2025-07-08T10:13:05","guid":{"rendered":"https:\/\/portabruciata.eu\/?post_type=product&#038;p=722"},"modified":"2025-09-04T13:46:16","modified_gmt":"2025-09-04T11:46:16","slug":"borealis","status":"publish","type":"product","link":"https:\/\/portabruciata.com\/index.php\/prodotto\/borealis\/","title":{"rendered":"Borealis"},"content":{"rendered":"","protected":false},"excerpt":{"rendered":"<p>Alc. 6,1% Vol., Lattina da 33 cl.<\/p>\n<p>\u00c8 la collaboration beer tra Porta Bruciata e Bastian Contrario. Dal colore dorato, schiuma compatta, \u00e8 luppolata con Krush, Idaho 7, e Belma.<br \/>\n\u00c8 la prima Northern IPA italiana, brassata con il ceppo di lievito Aurora.<br \/>\nAl naso si presenta con un aroma complesso che va dalla pesca, alla futta tropicale, all\u2019uva spina, fino a una nota vanigliata.<br \/>\nIn bocca spicca la componente tropicale (ananas, mango, litchi) con dei sentori agrumati e di piccoli frutti.<br \/>\nUn amaro deciso caratterizza il finale, delineando un piacevole equilibrio tra secchezza e morbidezza.<\/p>\n<p>Contiene malto d&#8217;ORZO.<\/p>\n","protected":false},"featured_media":721,"template":"","meta":{"neve_meta_sidebar":"","neve_meta_container":"","neve_meta_enable_content_width":"off","neve_meta_content_width":100,"neve_meta_title_alignment":"","neve_meta_author_avatar":"","neve_post_elements_order":"","neve_meta_disable_header":"","neve_meta_disable_footer":"","neve_meta_disable_title":"","neve_meta_reading_time":"","neve_tabs_data":"","neve_override_tab_layout":"","jetpack_publicize_message":"","jetpack_publicize_feature_enabled":true,"jetpack_social_post_already_shared":false,"jetpack_social_options":{"image_generator_settings":{"template":"highway","default_image_id":0,"font":"","enabled":false},"version":2}},"product_brand":[],"product_cat":[22],"product_tag":[105,103,104,23,101,102],"class_list":{"0":"post-722","1":"product","2":"type-product","3":"status-publish","4":"has-post-thumbnail","6":"product_cat-lattine-33-cl","7":"product_tag-aurora","8":"product_tag-belma","9":"product_tag-idaho-7","10":"product_tag-ipa","11":"product_tag-krush","12":"product_tag-northern-ipa","14":"first","15":"outofstock","16":"shipping-taxable","17":"purchasable","18":"product-type-simple"},"yoast_head":"<!-- This site is optimized with the Yoast SEO Premium plugin v27.2 (Yoast SEO v27.5) - https:\/\/yoast.com\/product\/yoast-seo-premium-wordpress\/ -->\n<title>Borealis - Porta Bruciata<\/title>\n<meta name=\"robots\" content=\"index, follow, max-snippet:-1, max-image-preview:large, max-video-preview:-1\" \/>\n<link rel=\"canonical\" href=\"https:\/\/portabruciata.com\/index.php\/prodotto\/borealis\/\" \/>\n<meta property=\"og:locale\" content=\"it_IT\" \/>\n<meta property=\"og:type\" content=\"article\" \/>\n<meta property=\"og:title\" content=\"Borealis\" \/>\n<meta property=\"og:description\" content=\"Alc. 6,1% Vol., Lattina da 33 cl.  \u00c8 la collaboration beer tra Porta Bruciata e Bastian Contrario. Dal colore dorato, schiuma compatta, \u00e8 luppolata con Krush, Idaho 7, e Belma. \u00c8 la prima Northern IPA italiana, brassata con il ceppo di lievito Aurora. Al naso si presenta con un aroma complesso che va dalla pesca, alla futta tropicale, all\u2019uva spina, fino a una nota vanigliata. In bocca spicca la componente tropicale (ananas, mango, litchi) con dei sentori agrumati e di piccoli frutti. Un amaro deciso caratterizza il finale, delineando un piacevole equilibrio tra secchezza e morbidezza.  Contiene malto d&#039;ORZO.\" \/>\n<meta property=\"og:url\" content=\"https:\/\/portabruciata.com\/index.php\/prodotto\/borealis\/\" \/>\n<meta property=\"og:site_name\" content=\"Porta Bruciata\" \/>\n<meta property=\"article:publisher\" content=\"https:\/\/www.facebook.com\/birrificioportabruciata\" \/>\n<meta property=\"article:modified_time\" content=\"2025-09-04T11:46:16+00:00\" \/>\n<meta property=\"og:image\" content=\"http:\/\/portabruciata.com\/wp-content\/uploads\/2025\/07\/BOREALIS-lattina33-3000-scaled.png\" \/>\n\t<meta property=\"og:image:width\" content=\"2560\" \/>\n\t<meta property=\"og:image:height\" content=\"2560\" \/>\n\t<meta property=\"og:image:type\" content=\"image\/png\" \/>\n<meta name=\"twitter:card\" content=\"summary_large_image\" \/>\n<meta name=\"twitter:label1\" content=\"Prezzo\" \/>\n\t<meta name=\"twitter:data1\" content=\"3,90&nbsp;&euro;\" \/>\n\t<meta name=\"twitter:label2\" content=\"Disponibilit\u00e0\" \/>\n\t<meta name=\"twitter:data2\" content=\"Esaurito\" \/>\n<script type=\"application\/ld+json\" class=\"yoast-schema-graph\">{\"@context\":\"https:\\\/\\\/schema.org\",\"@graph\":[{\"@type\":\"WebPage\",\"@id\":\"https:\\\/\\\/portabruciata.com\\\/index.php\\\/prodotto\\\/borealis\\\/\",\"url\":\"https:\\\/\\\/portabruciata.com\\\/index.php\\\/prodotto\\\/borealis\\\/\",\"name\":\"Borealis - Porta Bruciata\",\"isPartOf\":{\"@id\":\"https:\\\/\\\/portabruciata.com\\\/#website\"},\"primaryImageOfPage\":{\"@id\":\"https:\\\/\\\/portabruciata.com\\\/index.php\\\/prodotto\\\/borealis\\\/#primaryimage\"},\"image\":{\"@id\":\"https:\\\/\\\/portabruciata.com\\\/index.php\\\/prodotto\\\/borealis\\\/#primaryimage\"},\"thumbnailUrl\":\"https:\\\/\\\/portabruciata.com\\\/wp-content\\\/uploads\\\/2025\\\/07\\\/BOREALIS-lattina33-3000-scaled.png\",\"datePublished\":\"2025-07-08T10:13:05+00:00\",\"dateModified\":\"2025-09-04T11:46:16+00:00\",\"breadcrumb\":{\"@id\":\"https:\\\/\\\/portabruciata.com\\\/index.php\\\/prodotto\\\/borealis\\\/#breadcrumb\"},\"inLanguage\":\"it-IT\",\"potentialAction\":[{\"@type\":\"ReadAction\",\"target\":[\"https:\\\/\\\/portabruciata.com\\\/index.php\\\/prodotto\\\/borealis\\\/\"]}]},{\"@type\":\"ImageObject\",\"inLanguage\":\"it-IT\",\"@id\":\"https:\\\/\\\/portabruciata.com\\\/index.php\\\/prodotto\\\/borealis\\\/#primaryimage\",\"url\":\"https:\\\/\\\/portabruciata.com\\\/wp-content\\\/uploads\\\/2025\\\/07\\\/BOREALIS-lattina33-3000-scaled.png\",\"contentUrl\":\"https:\\\/\\\/portabruciata.com\\\/wp-content\\\/uploads\\\/2025\\\/07\\\/BOREALIS-lattina33-3000-scaled.png\",\"width\":2560,\"height\":2560},{\"@type\":\"BreadcrumbList\",\"@id\":\"https:\\\/\\\/portabruciata.com\\\/index.php\\\/prodotto\\\/borealis\\\/#breadcrumb\",\"itemListElement\":[{\"@type\":\"ListItem\",\"position\":1,\"name\":\"Home\",\"item\":\"https:\\\/\\\/portabruciata.com\\\/\"},{\"@type\":\"ListItem\",\"position\":2,\"name\":\"Shop\",\"item\":\"https:\\\/\\\/portabruciata.com\\\/index.php\\\/shop\\\/\"},{\"@type\":\"ListItem\",\"position\":3,\"name\":\"Borealis\"}]},{\"@type\":\"WebSite\",\"@id\":\"https:\\\/\\\/portabruciata.com\\\/#website\",\"url\":\"https:\\\/\\\/portabruciata.com\\\/\",\"name\":\"Birrificio Porta Bruciata\",\"description\":\"Outstanding ales for unconventional drinkers.\",\"publisher\":{\"@id\":\"https:\\\/\\\/portabruciata.com\\\/#organization\"},\"potentialAction\":[{\"@type\":\"SearchAction\",\"target\":{\"@type\":\"EntryPoint\",\"urlTemplate\":\"https:\\\/\\\/portabruciata.com\\\/?s={search_term_string}\"},\"query-input\":{\"@type\":\"PropertyValueSpecification\",\"valueRequired\":true,\"valueName\":\"search_term_string\"}}],\"inLanguage\":\"it-IT\"},{\"@type\":\"Organization\",\"@id\":\"https:\\\/\\\/portabruciata.com\\\/#organization\",\"name\":\"Birrificio Porta Bruciata\",\"url\":\"https:\\\/\\\/portabruciata.com\\\/\",\"logo\":{\"@type\":\"ImageObject\",\"inLanguage\":\"it-IT\",\"@id\":\"https:\\\/\\\/portabruciata.com\\\/#\\\/schema\\\/logo\\\/image\\\/\",\"url\":\"https:\\\/\\\/portabruciata.com\\\/wp-content\\\/uploads\\\/2025\\\/05\\\/cropped-PORTABRUCIATA_LOGO@6x.png\",\"contentUrl\":\"https:\\\/\\\/portabruciata.com\\\/wp-content\\\/uploads\\\/2025\\\/05\\\/cropped-PORTABRUCIATA_LOGO@6x.png\",\"width\":512,\"height\":512,\"caption\":\"Birrificio Porta Bruciata\"},\"image\":{\"@id\":\"https:\\\/\\\/portabruciata.com\\\/#\\\/schema\\\/logo\\\/image\\\/\"},\"sameAs\":[\"https:\\\/\\\/www.facebook.com\\\/birrificioportabruciata\",\"https:\\\/\\\/www.instagram.com\\\/portabruciata\\\/\"]}]}<\/script>\n<meta property=\"product:price:amount\" content=\"3.90\" \/>\n<meta property=\"product:price:currency\" content=\"EUR\" \/>\n<meta property=\"og:availability\" content=\"out of stock\" \/>\n<meta property=\"product:availability\" content=\"out of stock\" \/>\n<meta property=\"product:condition\" content=\"new\" \/>\n<!-- \/ Yoast SEO Premium plugin. -->","yoast_head_json":{"title":"Borealis - Porta Bruciata","robots":{"index":"index","follow":"follow","max-snippet":"max-snippet:-1","max-image-preview":"max-image-preview:large","max-video-preview":"max-video-preview:-1"},"canonical":"https:\/\/portabruciata.com\/index.php\/prodotto\/borealis\/","og_locale":"it_IT","og_type":"article","og_title":"Borealis","og_description":"Alc. 6,1% Vol., Lattina da 33 cl.  \u00c8 la collaboration beer tra Porta Bruciata e Bastian Contrario. Dal colore dorato, schiuma compatta, \u00e8 luppolata con Krush, Idaho 7, e Belma. \u00c8 la prima Northern IPA italiana, brassata con il ceppo di lievito Aurora. Al naso si presenta con un aroma complesso che va dalla pesca, alla futta tropicale, all\u2019uva spina, fino a una nota vanigliata. In bocca spicca la componente tropicale (ananas, mango, litchi) con dei sentori agrumati e di piccoli frutti. Un amaro deciso caratterizza il finale, delineando un piacevole equilibrio tra secchezza e morbidezza.  Contiene malto d'ORZO.","og_url":"https:\/\/portabruciata.com\/index.php\/prodotto\/borealis\/","og_site_name":"Porta Bruciata","article_publisher":"https:\/\/www.facebook.com\/birrificioportabruciata","article_modified_time":"2025-09-04T11:46:16+00:00","og_image":[{"width":2560,"height":2560,"url":"http:\/\/portabruciata.com\/wp-content\/uploads\/2025\/07\/BOREALIS-lattina33-3000-scaled.png","type":"image\/png"}],"twitter_card":"summary_large_image","twitter_misc":{"Prezzo":"3,90&nbsp;&euro;","Disponibilit\u00e0":"Esaurito"},"schema":{"@context":"https:\/\/schema.org","@graph":[{"@type":"WebPage","@id":"https:\/\/portabruciata.com\/index.php\/prodotto\/borealis\/","url":"https:\/\/portabruciata.com\/index.php\/prodotto\/borealis\/","name":"Borealis - Porta Bruciata","isPartOf":{"@id":"https:\/\/portabruciata.com\/#website"},"primaryImageOfPage":{"@id":"https:\/\/portabruciata.com\/index.php\/prodotto\/borealis\/#primaryimage"},"image":{"@id":"https:\/\/portabruciata.com\/index.php\/prodotto\/borealis\/#primaryimage"},"thumbnailUrl":"https:\/\/portabruciata.com\/wp-content\/uploads\/2025\/07\/BOREALIS-lattina33-3000-scaled.png","datePublished":"2025-07-08T10:13:05+00:00","dateModified":"2025-09-04T11:46:16+00:00","breadcrumb":{"@id":"https:\/\/portabruciata.com\/index.php\/prodotto\/borealis\/#breadcrumb"},"inLanguage":"it-IT","potentialAction":[{"@type":"ReadAction","target":["https:\/\/portabruciata.com\/index.php\/prodotto\/borealis\/"]}]},{"@type":"ImageObject","inLanguage":"it-IT","@id":"https:\/\/portabruciata.com\/index.php\/prodotto\/borealis\/#primaryimage","url":"https:\/\/portabruciata.com\/wp-content\/uploads\/2025\/07\/BOREALIS-lattina33-3000-scaled.png","contentUrl":"https:\/\/portabruciata.com\/wp-content\/uploads\/2025\/07\/BOREALIS-lattina33-3000-scaled.png","width":2560,"height":2560},{"@type":"BreadcrumbList","@id":"https:\/\/portabruciata.com\/index.php\/prodotto\/borealis\/#breadcrumb","itemListElement":[{"@type":"ListItem","position":1,"name":"Home","item":"https:\/\/portabruciata.com\/"},{"@type":"ListItem","position":2,"name":"Shop","item":"https:\/\/portabruciata.com\/index.php\/shop\/"},{"@type":"ListItem","position":3,"name":"Borealis"}]},{"@type":"WebSite","@id":"https:\/\/portabruciata.com\/#website","url":"https:\/\/portabruciata.com\/","name":"Birrificio Porta Bruciata","description":"Outstanding ales for unconventional drinkers.","publisher":{"@id":"https:\/\/portabruciata.com\/#organization"},"potentialAction":[{"@type":"SearchAction","target":{"@type":"EntryPoint","urlTemplate":"https:\/\/portabruciata.com\/?s={search_term_string}"},"query-input":{"@type":"PropertyValueSpecification","valueRequired":true,"valueName":"search_term_string"}}],"inLanguage":"it-IT"},{"@type":"Organization","@id":"https:\/\/portabruciata.com\/#organization","name":"Birrificio Porta Bruciata","url":"https:\/\/portabruciata.com\/","logo":{"@type":"ImageObject","inLanguage":"it-IT","@id":"https:\/\/portabruciata.com\/#\/schema\/logo\/image\/","url":"https:\/\/portabruciata.com\/wp-content\/uploads\/2025\/05\/cropped-PORTABRUCIATA_LOGO@6x.png","contentUrl":"https:\/\/portabruciata.com\/wp-content\/uploads\/2025\/05\/cropped-PORTABRUCIATA_LOGO@6x.png","width":512,"height":512,"caption":"Birrificio Porta Bruciata"},"image":{"@id":"https:\/\/portabruciata.com\/#\/schema\/logo\/image\/"},"sameAs":["https:\/\/www.facebook.com\/birrificioportabruciata","https:\/\/www.instagram.com\/portabruciata\/"]}]},"product_price_amount":"3.90","product_price_currency":"EUR","og_availability":"out of stock","product_availability":"out of stock","product_condition":"new"},"jetpack_publicize_connections":[],"jetpack_sharing_enabled":true,"_links":{"self":[{"href":"https:\/\/portabruciata.com\/index.php\/wp-json\/wp\/v2\/product\/722","targetHints":{"allow":["GET"]}}],"collection":[{"href":"https:\/\/portabruciata.com\/index.php\/wp-json\/wp\/v2\/product"}],"about":[{"href":"https:\/\/portabruciata.com\/index.php\/wp-json\/wp\/v2\/types\/product"}],"wp:featuredmedia":[{"embeddable":true,"href":"https:\/\/portabruciata.com\/index.php\/wp-json\/wp\/v2\/media\/721"}],"wp:attachment":[{"href":"https:\/\/portabruciata.com\/index.php\/wp-json\/wp\/v2\/media?parent=722"}],"wp:term":[{"taxonomy":"product_brand","embeddable":true,"href":"https:\/\/portabruciata.com\/index.php\/wp-json\/wp\/v2\/product_brand?post=722"},{"taxonomy":"product_cat","embeddable":true,"href":"https:\/\/portabruciata.com\/index.php\/wp-json\/wp\/v2\/product_cat?post=722"},{"taxonomy":"product_tag","embeddable":true,"href":"https:\/\/portabruciata.com\/index.php\/wp-json\/wp\/v2\/product_tag?post=722"}],"curies":[{"name":"wp","href":"https:\/\/api.w.org\/{rel}","templated":true}]}}